{"id":8495,"date":"2018-08-14T18:35:11","date_gmt":"2018-08-14T18:35:11","guid":{"rendered":"https:\/\/landauinjurylaw.com\/theathleteslawyer\/?page_id=8495"},"modified":"2026-01-14T14:20:36","modified_gmt":"2026-01-14T14:20:36","slug":"homepage","status":"publish","type":"page","link":"https:\/\/landauinjurylaw.com\/theathleteslawyer\/","title":{"rendered":"Homepage"},"content":{"rendered":"\r\n<p>Professional athletes get headlines when they jam a finger, but when a weekend warrior takes a fall during the local half-marathon, or buys sports gear that turns out to be defective instead of protective, the results can be devastating even though the story never makes the papers. These personal injuries can involve a great deal of pain, a long period of physical rehab, lost wages, and that&#8217;s the short list.<\/p>\r\n<p><iframe loading=\"lazy\" src=\"https:\/\/www.youtube.com\/embed\/xYm5YT6X_1I\" width=\"560\" height=\"315\" frameborder=\"0\" allowfullscreen=\"allowfullscreen\"><\/iframe><\/p>\r\n<p><img loading=\"lazy\" decoding=\"async\" src=\"https:\/\/landauinjurylaw.com\/theathleteslawyer\/wp-content\/uploads\/sites\/2\/2016\/10\/Podium-rock-hall-2016-220x300.jpg\" alt=\"\" width=\"220\" height=\"300\" \/>Doug Landau&#8217;s experience as an athlete, as well as a personal injury attorney, makes him uniquely qualified to represent sports injury victims, and individuals who have been injured because of faulty sports or fitness equipment, or an unsafe sports facility.<\/p>\r\n<p>Se habla espa\u00f1ol. Para m\u00e1s informaci\u00f3n llame a nuestra oficina al tel\u00e9fono (703) 796-9555.<\/p>\r\n<h3>Do I Have a Case?<\/h3>\r\n<p><style>\r\n.AdvancedForm {\r\n    margin:0;\r\n    padding:0;\r\n    font-family:inherit;\r\n    line-height:1.4;\r\n    font-size:1em;\r\n    color:#333;\r\n}\r\n.AdvancedForm .FormField {\r\n    margin:0 0 1.5em 0;\r\n    width:100%;\r\n    font-size:inherit;\r\n}\r\n.AdvancedForm label {\r\n    display:block;\r\n    font-weight:bold;\r\n    margin:0 0 3px 0;\r\n    font-size:inherit;\r\n}\r\n.AdvancedForm label.required:after {\r\n    content:\"*\";\r\n    color:red;\r\n    display:inline-block;\r\n    vertical-align:top;\r\n    margin-left:3px;\r\n    font-size:0.9em;\r\n}\r\n.AdvancedForm p {\r\n    margin:2em 0;\r\n    font-size:inherit;\r\n}\r\n.AdvancedForm p.hint {\r\n    margin:1px 0 0 0;\r\n    font-style:italic;\r\n    color:#555;\r\n    font-size:0.9em;\r\n}\r\n.AdvancedForm input,\r\n.AdvancedForm textarea {\r\n    border:1px #ccc solid;\r\n    padding:0.2em;\r\n    margin:0;\r\n    display:inline;\r\n    font:inherit;\r\n}\r\n.AdvancedForm input[type=text],\r\n.AdvancedForm textarea\r\n{\r\n    width:90%;\r\n}\r\n.AdvancedForm input.DateControl_DateInputBox {\r\n    width:6em;\r\n}\r\n.AdvancedForm input.TimeControl_TimeInputBox {\r\n    width:6em;\r\n}\r\n.AdvancedForm .DateControl_MemoInputBox {\r\n    width:10em;\r\n    border-color:#ccc;\r\n    border-style:dotted;\r\n    border-width:0 0 1px 0;\r\n    color:#555;\r\n    font-style:italic;\r\n}\r\n.AdvancedForm .FormField input:focus,\r\n.AdvancedForm .FormField textarea:focus {\r\n    border-color:#aaa;\r\n}\r\n.AdvancedForm .FormField select {\r\n    padding:0;\r\n    margin:0;\r\n    display:inline;\r\n    min-width:10em;\r\n    max-width:18em;\r\n}\r\n.AdvancedForm button.Submit {\r\n    font-weight:bold;\r\n    cursor:pointer;\r\n}\r\n<\/style><\/p>\r\n<form id=\"ActionStepWebform7\" enctype=\"application\/x-www-form-urlencoded\" method=\"post\" name=\"ActionStepWebform7\"><input id=\"organization_key\" name=\"organization_key\" type=\"hidden\" value=\"landaulaw\" \/> <input id=\"uid\" name=\"uid\" type=\"hidden\" value=\"7ed6d605284b4b69d102e627eeddb941d0041f7b\" \/> <input id=\"p27__first_name\" name=\"p27__first_name\" required=\"required\" type=\"text\" value=\"\" placeholder=\"First Name\" \/> <input id=\"p27__last_name\" name=\"p27__last_name\" required=\"required\" type=\"text\" value=\"\" placeholder=\"Last Name\" \/> <input id=\"p27__phone1\" name=\"p27__phone1\" required=\"required\" type=\"text\" value=\"\" placeholder=\"Phone Number\" \/> <input id=\"p27__e_mail\" name=\"p27__e_mail\" type=\"text\" value=\"\" placeholder=\"Email Address\" \/> <textarea id=\"dc18__incident_facts\" cols=\"80\" name=\"dc18__incident_facts\" required=\"required\" rows=\"5\" placeholder=\"Please describe incident\"><\/textarea> <input id=\"Submit\" name=\"Submit\" type=\"submit\" value=\"Submit\" \/><\/form>","protected":false},"excerpt":{"rendered":"<p>Professional athletes get headlines when they jam a finger, but when a weekend warrior takes a fall during the local half-marathon, or buys sports gear that turns out to be defective instead of protective, the results can be devastating even though the story never makes the papers. These personal injuries can involve a great deal&hellip;<\/p>\n<p><a class=\"more-link\" href=\"https:\/\/landauinjurylaw.com\/theathleteslawyer\/\" title=\"Continue reading &lsquo;Homepage&rsquo;\">Continue reading <span class=\"meta-nav\">&rarr;<\/span><\/a><\/p>\n","protected":false},"author":1,"featured_media":0,"parent":0,"menu_order":0,"comment_status":"closed","ping_status":"closed","template":"page-templates\/athletes-front-page-bb.php","meta":{"_acf_changed":false,"footnotes":""},"class_list":["post-8495","page","type-page","status-publish","hentry"],"acf":[],"yoast_head":"<!-- This site is optimized with the Yoast SEO plugin v26.6 - https:\/\/yoast.com\/wordpress\/plugins\/seo\/ -->\n<title>Homepage - Sports Injury Law<\/title>\n<meta name=\"description\" content=\"Learn about The Athlete\u2019s Lawyer at Landau Injury Law \u2014 legal help for athletes injured on the field, court, or in sports\u2011related accidents.\" \/>\n<meta name=\"robots\" content=\"index, follow, max-snippet:-1, max-image-preview:large, max-video-preview:-1\" \/>\n<link rel=\"canonical\" href=\"https:\/\/landauinjurylaw.com\/theathleteslawyer\/\" \/>\n<meta property=\"og:locale\" content=\"en_US\" \/>\n<meta property=\"og:type\" content=\"article\" \/>\n<meta property=\"og:title\" content=\"Homepage - Sports Injury Law\" \/>\n<meta property=\"og:description\" content=\"Learn about The Athlete\u2019s Lawyer at Landau Injury Law \u2014 legal help for athletes injured on the field, court, or in sports\u2011related accidents.\" \/>\n<meta property=\"og:url\" content=\"https:\/\/landauinjurylaw.com\/theathleteslawyer\/\" \/>\n<meta property=\"og:site_name\" content=\"Sports Injury Law\" \/>\n<meta property=\"article:modified_time\" content=\"2026-01-14T14:20:36+00:00\" \/>\n<meta property=\"og:image\" content=\"https:\/\/landauinjurylaw.com\/theathleteslawyer\/wp-content\/uploads\/sites\/2\/2016\/10\/Podium-rock-hall-2016-220x300.jpg\" \/>\n<meta name=\"twitter:card\" content=\"summary_large_image\" \/>\n<meta name=\"twitter:label1\" content=\"Est. reading time\" \/>\n\t<meta name=\"twitter:data1\" content=\"1 minute\" \/>\n<script type=\"application\/ld+json\" class=\"yoast-schema-graph\">{\"@context\":\"https:\/\/schema.org\",\"@graph\":[{\"@type\":\"WebPage\",\"@id\":\"https:\/\/landauinjurylaw.com\/theathleteslawyer\/\",\"url\":\"https:\/\/landauinjurylaw.com\/theathleteslawyer\/\",\"name\":\"Homepage - Sports Injury Law\",\"isPartOf\":{\"@id\":\"https:\/\/landauinjurylaw.com\/theathleteslawyer\/#website\"},\"primaryImageOfPage\":{\"@id\":\"https:\/\/landauinjurylaw.com\/theathleteslawyer\/#primaryimage\"},\"image\":{\"@id\":\"https:\/\/landauinjurylaw.com\/theathleteslawyer\/#primaryimage\"},\"thumbnailUrl\":\"https:\/\/landauinjurylaw.com\/theathleteslawyer\/wp-content\/uploads\/sites\/2\/2016\/10\/Podium-rock-hall-2016-220x300.jpg\",\"datePublished\":\"2018-08-14T18:35:11+00:00\",\"dateModified\":\"2026-01-14T14:20:36+00:00\",\"description\":\"Learn about The Athlete\u2019s Lawyer at Landau Injury Law \u2014 legal help for athletes injured on the field, court, or in sports\u2011related accidents.\",\"breadcrumb\":{\"@id\":\"https:\/\/landauinjurylaw.com\/theathleteslawyer\/#breadcrumb\"},\"inLanguage\":\"en-US\",\"potentialAction\":[{\"@type\":\"ReadAction\",\"target\":[\"https:\/\/landauinjurylaw.com\/theathleteslawyer\/\"]}]},{\"@type\":\"ImageObject\",\"inLanguage\":\"en-US\",\"@id\":\"https:\/\/landauinjurylaw.com\/theathleteslawyer\/#primaryimage\",\"url\":\"https:\/\/landauinjurylaw.com\/theathleteslawyer\/wp-content\/uploads\/sites\/2\/2016\/10\/Podium-rock-hall-2016.jpg\",\"contentUrl\":\"https:\/\/landauinjurylaw.com\/theathleteslawyer\/wp-content\/uploads\/sites\/2\/2016\/10\/Podium-rock-hall-2016.jpg\",\"width\":1420,\"height\":1932},{\"@type\":\"BreadcrumbList\",\"@id\":\"https:\/\/landauinjurylaw.com\/theathleteslawyer\/#breadcrumb\",\"itemListElement\":[{\"@type\":\"ListItem\",\"position\":1,\"name\":\"Home\",\"item\":\"https:\/\/landauinjurylaw.com\/theathleteslawyer\/\"},{\"@type\":\"ListItem\",\"position\":2,\"name\":\"Homepage\"}]},{\"@type\":\"WebSite\",\"@id\":\"https:\/\/landauinjurylaw.com\/theathleteslawyer\/#website\",\"url\":\"https:\/\/landauinjurylaw.com\/theathleteslawyer\/\",\"name\":\"Sports Injury Law\",\"description\":\"Our Agenda is Clear...Justice for All\",\"potentialAction\":[{\"@type\":\"SearchAction\",\"target\":{\"@type\":\"EntryPoint\",\"urlTemplate\":\"https:\/\/landauinjurylaw.com\/theathleteslawyer\/?s={search_term_string}\"},\"query-input\":{\"@type\":\"PropertyValueSpecification\",\"valueRequired\":true,\"valueName\":\"search_term_string\"}}],\"inLanguage\":\"en-US\"}]}<\/script>\n<!-- \/ Yoast SEO plugin. -->","yoast_head_json":{"title":"Homepage - Sports Injury Law","description":"Learn about The Athlete\u2019s Lawyer at Landau Injury Law \u2014 legal help for athletes injured on the field, court, or in sports\u2011related accidents.","robots":{"index":"index","follow":"follow","max-snippet":"max-snippet:-1","max-image-preview":"max-image-preview:large","max-video-preview":"max-video-preview:-1"},"canonical":"https:\/\/landauinjurylaw.com\/theathleteslawyer\/","og_locale":"en_US","og_type":"article","og_title":"Homepage - Sports Injury Law","og_description":"Learn about The Athlete\u2019s Lawyer at Landau Injury Law \u2014 legal help for athletes injured on the field, court, or in sports\u2011related accidents.","og_url":"https:\/\/landauinjurylaw.com\/theathleteslawyer\/","og_site_name":"Sports Injury Law","article_modified_time":"2026-01-14T14:20:36+00:00","og_image":[{"url":"https:\/\/landauinjurylaw.com\/theathleteslawyer\/wp-content\/uploads\/sites\/2\/2016\/10\/Podium-rock-hall-2016-220x300.jpg","type":"","width":"","height":""}],"twitter_card":"summary_large_image","twitter_misc":{"Est. reading time":"1 minute"},"schema":{"@context":"https:\/\/schema.org","@graph":[{"@type":"WebPage","@id":"https:\/\/landauinjurylaw.com\/theathleteslawyer\/","url":"https:\/\/landauinjurylaw.com\/theathleteslawyer\/","name":"Homepage - Sports Injury Law","isPartOf":{"@id":"https:\/\/landauinjurylaw.com\/theathleteslawyer\/#website"},"primaryImageOfPage":{"@id":"https:\/\/landauinjurylaw.com\/theathleteslawyer\/#primaryimage"},"image":{"@id":"https:\/\/landauinjurylaw.com\/theathleteslawyer\/#primaryimage"},"thumbnailUrl":"https:\/\/landauinjurylaw.com\/theathleteslawyer\/wp-content\/uploads\/sites\/2\/2016\/10\/Podium-rock-hall-2016-220x300.jpg","datePublished":"2018-08-14T18:35:11+00:00","dateModified":"2026-01-14T14:20:36+00:00","description":"Learn about The Athlete\u2019s Lawyer at Landau Injury Law \u2014 legal help for athletes injured on the field, court, or in sports\u2011related accidents.","breadcrumb":{"@id":"https:\/\/landauinjurylaw.com\/theathleteslawyer\/#breadcrumb"},"inLanguage":"en-US","potentialAction":[{"@type":"ReadAction","target":["https:\/\/landauinjurylaw.com\/theathleteslawyer\/"]}]},{"@type":"ImageObject","inLanguage":"en-US","@id":"https:\/\/landauinjurylaw.com\/theathleteslawyer\/#primaryimage","url":"https:\/\/landauinjurylaw.com\/theathleteslawyer\/wp-content\/uploads\/sites\/2\/2016\/10\/Podium-rock-hall-2016.jpg","contentUrl":"https:\/\/landauinjurylaw.com\/theathleteslawyer\/wp-content\/uploads\/sites\/2\/2016\/10\/Podium-rock-hall-2016.jpg","width":1420,"height":1932},{"@type":"BreadcrumbList","@id":"https:\/\/landauinjurylaw.com\/theathleteslawyer\/#breadcrumb","itemListElement":[{"@type":"ListItem","position":1,"name":"Home","item":"https:\/\/landauinjurylaw.com\/theathleteslawyer\/"},{"@type":"ListItem","position":2,"name":"Homepage"}]},{"@type":"WebSite","@id":"https:\/\/landauinjurylaw.com\/theathleteslawyer\/#website","url":"https:\/\/landauinjurylaw.com\/theathleteslawyer\/","name":"Sports Injury Law","description":"Our Agenda is Clear...Justice for All","potentialAction":[{"@type":"SearchAction","target":{"@type":"EntryPoint","urlTemplate":"https:\/\/landauinjurylaw.com\/theathleteslawyer\/?s={search_term_string}"},"query-input":{"@type":"PropertyValueSpecification","valueRequired":true,"valueName":"search_term_string"}}],"inLanguage":"en-US"}]}},"_links":{"self":[{"href":"https:\/\/landauinjurylaw.com\/theathleteslawyer\/wp-json\/wp\/v2\/pages\/8495","targetHints":{"allow":["GET"]}}],"collection":[{"href":"https:\/\/landauinjurylaw.com\/theathleteslawyer\/wp-json\/wp\/v2\/pages"}],"about":[{"href":"https:\/\/landauinjurylaw.com\/theathleteslawyer\/wp-json\/wp\/v2\/types\/page"}],"author":[{"embeddable":true,"href":"https:\/\/landauinjurylaw.com\/theathleteslawyer\/wp-json\/wp\/v2\/users\/1"}],"replies":[{"embeddable":true,"href":"https:\/\/landauinjurylaw.com\/theathleteslawyer\/wp-json\/wp\/v2\/comments?post=8495"}],"version-history":[{"count":10,"href":"https:\/\/landauinjurylaw.com\/theathleteslawyer\/wp-json\/wp\/v2\/pages\/8495\/revisions"}],"predecessor-version":[{"id":10611,"href":"https:\/\/landauinjurylaw.com\/theathleteslawyer\/wp-json\/wp\/v2\/pages\/8495\/revisions\/10611"}],"wp:attachment":[{"href":"https:\/\/landauinjurylaw.com\/theathleteslawyer\/wp-json\/wp\/v2\/media?parent=8495"}],"curies":[{"name":"wp","href":"https:\/\/api.w.org\/{rel}","templated":true}]}}