{"id":8152,"date":"2018-08-14T20:01:28","date_gmt":"2018-08-14T20:01:28","guid":{"rendered":"https:\/\/landauinjurylaw.com\/airportinjurylawyer\/?page_id=8152"},"modified":"2026-02-10T14:37:51","modified_gmt":"2026-02-10T14:37:51","slug":"homepage","status":"publish","type":"page","link":"https:\/\/landauinjurylaw.com\/airportinjurylawyer\/","title":{"rendered":"Homepage"},"content":{"rendered":"\r\n<p>Airports, especially large metro facilities such as Washington, D.C. airports Dulles International, Reagan National, and Baltimore Washington International, are cities unto themselves. Certainly they operate under the same federal, state, and local laws as any other industry in the area, but if you or a loved one are injured because of an airport accident or an airline accident, it may not be immediately obvious with whom responsibility rests. Multiple businesses, agencies, government entities, contractors, and sub-contractors are at work in this self-contained metropolis. When an airport accident or airline accident occurs, it is important to ask for help at once, and to know exactly with whom you are speaking and who they represent.<\/p>\r\n<p><iframe loading=\"lazy\" src=\"https:\/\/www.youtube.com\/embed\/aAgobc4FCiw\" width=\"560\" height=\"315\" frameborder=\"0\" allowfullscreen=\"allowfullscreen\"><\/iframe><\/p>\r\n<p>One characteristic all airports share is a fast-paced environment. If those responsible are not proactive in preventing dangerous situations, or fail to act quickly to eliminate a potential hazard, the results could range from a bruise or broken bone to a life-altering or life-threatening condition. After an airport injury, your instinct may be to shrug it off in favor of continuing your journey. That could be a big mistake. Without an official accident report and other documentation, your case will lack a solid foundation should the injury be more serious than you first thought.<\/p>\r\n<ul>\r\n<li>bathrooms<\/li>\r\n<li>restaurants\/bars<\/li>\r\n<li>retail stores\/concession areas<\/li>\r\n<li>baggage claim<\/li>\r\n<li>construction areas<\/li>\r\n<li>parking lots<\/li>\r\n<li>elevators<\/li>\r\n<li>escalators<\/li>\r\n<li>moving sidewalks<\/li>\r\n<li>stairs<\/li>\r\n<li>Jetways<\/li>\r\n<li>trains<\/li>\r\n<li>passenger transport vehicles such as Train Mate and Mobile Lounge (used at Washington D.C.&#8217;s Dulles airport) that move passengers between concourses and the terminal, and also enable them to board aircraft without having to walk across the airfield.<\/li>\r\n<\/ul>\r\n<p>Se habla espa\u00f1ol. Para m\u00e1s informaci\u00f3n llame a nuestra oficina al tel\u00e9fono (703) 796-9555.<\/p>\r\n<h3>Do I Have a Case?<\/h3>\r\n<p><style>\r\n.AdvancedForm {\r\n    margin:0;\r\n    padding:0;\r\n    font-family:inherit;\r\n    line-height:1.4;\r\n    font-size:1em;\r\n    color:#333;\r\n}\r\n.AdvancedForm .FormField {\r\n    margin:0 0 1.5em 0;\r\n    width:100%;\r\n    font-size:inherit;\r\n}\r\n.AdvancedForm label {\r\n    display:block;\r\n    font-weight:bold;\r\n    margin:0 0 3px 0;\r\n    font-size:inherit;\r\n}\r\n.AdvancedForm label.required:after {\r\n    content:\"*\";\r\n    color:red;\r\n    display:inline-block;\r\n    vertical-align:top;\r\n    margin-left:3px;\r\n    font-size:0.9em;\r\n}\r\n.AdvancedForm p {\r\n    margin:2em 0;\r\n    font-size:inherit;\r\n}\r\n.AdvancedForm p.hint {\r\n    margin:1px 0 0 0;\r\n    font-style:italic;\r\n    color:#555;\r\n    font-size:0.9em;\r\n}\r\n.AdvancedForm input,\r\n.AdvancedForm textarea {\r\n    border:1px #ccc solid;\r\n    padding:0.2em;\r\n    margin:0;\r\n    display:inline;\r\n    font:inherit;\r\n}\r\n.AdvancedForm input[type=text],\r\n.AdvancedForm textarea\r\n{\r\n    width:90%;\r\n}\r\n.AdvancedForm input.DateControl_DateInputBox {\r\n    width:6em;\r\n}\r\n.AdvancedForm input.TimeControl_TimeInputBox {\r\n    width:6em;\r\n}\r\n.AdvancedForm .DateControl_MemoInputBox {\r\n    width:10em;\r\n    border-color:#ccc;\r\n    border-style:dotted;\r\n    border-width:0 0 1px 0;\r\n    color:#555;\r\n    font-style:italic;\r\n}\r\n.AdvancedForm .FormField input:focus,\r\n.AdvancedForm .FormField textarea:focus {\r\n    border-color:#aaa;\r\n}\r\n.AdvancedForm .FormField select {\r\n    padding:0;\r\n    margin:0;\r\n    display:inline;\r\n    min-width:10em;\r\n    max-width:18em;\r\n}\r\n.AdvancedForm button.Submit {\r\n    font-weight:bold;\r\n    cursor:pointer;\r\n}\r\n<\/style><\/p>\r\n<form id=\"ActionStepWebform6\" enctype=\"application\/x-www-form-urlencoded\" method=\"post\" name=\"ActionStepWebform6\"><input id=\"organization_key\" name=\"organization_key\" type=\"hidden\" value=\"landaulaw\" \/> <input id=\"uid\" name=\"uid\" type=\"hidden\" value=\"8a0b91e765e52424ba362eb4860969837f6345c6\" \/> <input id=\"p27__first_name\" name=\"p27__first_name\" required=\"required\" type=\"text\" value=\"\" placeholder=\"First Name\" \/> <input id=\"p27__last_name\" name=\"p27__last_name\" required=\"required\" type=\"text\" value=\"\" placeholder=\"Last Name\" \/> <input id=\"p27__phone1\" name=\"p27__phone1\" required=\"required\" type=\"text\" value=\"\" placeholder=\"Phone Number\" \/> <input id=\"p27__e_mail\" name=\"p27__e_mail\" type=\"text\" value=\"\" placeholder=\"Email Address\" \/> <textarea id=\"dc18__incident_facts\" cols=\"80\" name=\"dc18__incident_facts\" required=\"required\" rows=\"10\" placeholder=\"Please describe incident\"><\/textarea> <input id=\"Submit\" name=\"Submit\" type=\"submit\" value=\"Submit\" \/><\/form>","protected":false},"excerpt":{"rendered":"<p>Airports, especially large metro facilities such as Washington, D.C. airports Dulles International, Reagan National, and Baltimore Washington International, are cities unto themselves. Certainly they operate under the same federal, state, and local laws as any other industry in the area, but if you or a loved one are injured because of an airport accident or&hellip;<\/p>\n<p><a class=\"more-link\" href=\"https:\/\/landauinjurylaw.com\/airportinjurylawyer\/\" title=\"Continue reading &lsquo;Homepage&rsquo;\">Continue reading <span class=\"meta-nav\">&rarr;<\/span><\/a><\/p>\n","protected":false},"author":1,"featured_media":0,"parent":0,"menu_order":0,"comment_status":"closed","ping_status":"closed","template":"page-templates\/airports-front-page-bb.php","meta":{"_acf_changed":false,"footnotes":""},"class_list":["post-8152","page","type-page","status-publish","hentry"],"acf":[],"yoast_head":"<!-- This site is optimized with the Yoast SEO plugin v26.6 - https:\/\/yoast.com\/wordpress\/plugins\/seo\/ -->\n<title>Homepage - Airport Injury Law<\/title>\n<meta name=\"description\" content=\"Top airport injury lawyer help for victims hurt in airport accidents \u2014 get experienced legal support to pursue compensation and protect your rights.\" \/>\n<meta name=\"robots\" content=\"index, follow, max-snippet:-1, max-image-preview:large, max-video-preview:-1\" \/>\n<link rel=\"canonical\" href=\"https:\/\/landauinjurylaw.com\/airportinjurylawyer\/\" \/>\n<meta property=\"og:locale\" content=\"en_US\" \/>\n<meta property=\"og:type\" content=\"article\" \/>\n<meta property=\"og:title\" content=\"Homepage - Airport Injury Law\" \/>\n<meta property=\"og:description\" content=\"Top airport injury lawyer help for victims hurt in airport accidents \u2014 get experienced legal support to pursue compensation and protect your rights.\" \/>\n<meta property=\"og:url\" content=\"https:\/\/landauinjurylaw.com\/airportinjurylawyer\/\" \/>\n<meta property=\"og:site_name\" content=\"Airport Injury Law\" \/>\n<meta property=\"article:modified_time\" content=\"2026-02-10T14:37:51+00:00\" \/>\n<meta name=\"twitter:card\" content=\"summary_large_image\" \/>\n<meta name=\"twitter:label1\" content=\"Est. reading time\" \/>\n\t<meta name=\"twitter:data1\" content=\"2 minutes\" \/>\n<script type=\"application\/ld+json\" class=\"yoast-schema-graph\">{\"@context\":\"https:\/\/schema.org\",\"@graph\":[{\"@type\":\"WebPage\",\"@id\":\"https:\/\/landauinjurylaw.com\/airportinjurylawyer\/\",\"url\":\"https:\/\/landauinjurylaw.com\/airportinjurylawyer\/\",\"name\":\"Homepage - Airport Injury Law\",\"isPartOf\":{\"@id\":\"https:\/\/landauinjurylaw.com\/airportinjurylawyer\/#website\"},\"datePublished\":\"2018-08-14T20:01:28+00:00\",\"dateModified\":\"2026-02-10T14:37:51+00:00\",\"description\":\"Top airport injury lawyer help for victims hurt in airport accidents \u2014 get experienced legal support to pursue compensation and protect your rights.\",\"breadcrumb\":{\"@id\":\"https:\/\/landauinjurylaw.com\/airportinjurylawyer\/#breadcrumb\"},\"inLanguage\":\"en-US\",\"potentialAction\":[{\"@type\":\"ReadAction\",\"target\":[\"https:\/\/landauinjurylaw.com\/airportinjurylawyer\/\"]}]},{\"@type\":\"BreadcrumbList\",\"@id\":\"https:\/\/landauinjurylaw.com\/airportinjurylawyer\/#breadcrumb\",\"itemListElement\":[{\"@type\":\"ListItem\",\"position\":1,\"name\":\"Home\",\"item\":\"https:\/\/landauinjurylaw.com\/airportinjurylawyer\/\"},{\"@type\":\"ListItem\",\"position\":2,\"name\":\"Homepage\"}]},{\"@type\":\"WebSite\",\"@id\":\"https:\/\/landauinjurylaw.com\/airportinjurylawyer\/#website\",\"url\":\"https:\/\/landauinjurylaw.com\/airportinjurylawyer\/\",\"name\":\"Airport Injury Law\",\"description\":\"Helping injured victims throughout the United States and the World\",\"potentialAction\":[{\"@type\":\"SearchAction\",\"target\":{\"@type\":\"EntryPoint\",\"urlTemplate\":\"https:\/\/landauinjurylaw.com\/airportinjurylawyer\/?s={search_term_string}\"},\"query-input\":{\"@type\":\"PropertyValueSpecification\",\"valueRequired\":true,\"valueName\":\"search_term_string\"}}],\"inLanguage\":\"en-US\"}]}<\/script>\n<!-- \/ Yoast SEO plugin. -->","yoast_head_json":{"title":"Homepage - Airport Injury Law","description":"Top airport injury lawyer help for victims hurt in airport accidents \u2014 get experienced legal support to pursue compensation and protect your rights.","robots":{"index":"index","follow":"follow","max-snippet":"max-snippet:-1","max-image-preview":"max-image-preview:large","max-video-preview":"max-video-preview:-1"},"canonical":"https:\/\/landauinjurylaw.com\/airportinjurylawyer\/","og_locale":"en_US","og_type":"article","og_title":"Homepage - Airport Injury Law","og_description":"Top airport injury lawyer help for victims hurt in airport accidents \u2014 get experienced legal support to pursue compensation and protect your rights.","og_url":"https:\/\/landauinjurylaw.com\/airportinjurylawyer\/","og_site_name":"Airport Injury Law","article_modified_time":"2026-02-10T14:37:51+00:00","twitter_card":"summary_large_image","twitter_misc":{"Est. reading time":"2 minutes"},"schema":{"@context":"https:\/\/schema.org","@graph":[{"@type":"WebPage","@id":"https:\/\/landauinjurylaw.com\/airportinjurylawyer\/","url":"https:\/\/landauinjurylaw.com\/airportinjurylawyer\/","name":"Homepage - Airport Injury Law","isPartOf":{"@id":"https:\/\/landauinjurylaw.com\/airportinjurylawyer\/#website"},"datePublished":"2018-08-14T20:01:28+00:00","dateModified":"2026-02-10T14:37:51+00:00","description":"Top airport injury lawyer help for victims hurt in airport accidents \u2014 get experienced legal support to pursue compensation and protect your rights.","breadcrumb":{"@id":"https:\/\/landauinjurylaw.com\/airportinjurylawyer\/#breadcrumb"},"inLanguage":"en-US","potentialAction":[{"@type":"ReadAction","target":["https:\/\/landauinjurylaw.com\/airportinjurylawyer\/"]}]},{"@type":"BreadcrumbList","@id":"https:\/\/landauinjurylaw.com\/airportinjurylawyer\/#breadcrumb","itemListElement":[{"@type":"ListItem","position":1,"name":"Home","item":"https:\/\/landauinjurylaw.com\/airportinjurylawyer\/"},{"@type":"ListItem","position":2,"name":"Homepage"}]},{"@type":"WebSite","@id":"https:\/\/landauinjurylaw.com\/airportinjurylawyer\/#website","url":"https:\/\/landauinjurylaw.com\/airportinjurylawyer\/","name":"Airport Injury Law","description":"Helping injured victims throughout the United States and the World","potentialAction":[{"@type":"SearchAction","target":{"@type":"EntryPoint","urlTemplate":"https:\/\/landauinjurylaw.com\/airportinjurylawyer\/?s={search_term_string}"},"query-input":{"@type":"PropertyValueSpecification","valueRequired":true,"valueName":"search_term_string"}}],"inLanguage":"en-US"}]}},"_links":{"self":[{"href":"https:\/\/landauinjurylaw.com\/airportinjurylawyer\/wp-json\/wp\/v2\/pages\/8152","targetHints":{"allow":["GET"]}}],"collection":[{"href":"https:\/\/landauinjurylaw.com\/airportinjurylawyer\/wp-json\/wp\/v2\/pages"}],"about":[{"href":"https:\/\/landauinjurylaw.com\/airportinjurylawyer\/wp-json\/wp\/v2\/types\/page"}],"author":[{"embeddable":true,"href":"https:\/\/landauinjurylaw.com\/airportinjurylawyer\/wp-json\/wp\/v2\/users\/1"}],"replies":[{"embeddable":true,"href":"https:\/\/landauinjurylaw.com\/airportinjurylawyer\/wp-json\/wp\/v2\/comments?post=8152"}],"version-history":[{"count":9,"href":"https:\/\/landauinjurylaw.com\/airportinjurylawyer\/wp-json\/wp\/v2\/pages\/8152\/revisions"}],"predecessor-version":[{"id":9274,"href":"https:\/\/landauinjurylaw.com\/airportinjurylawyer\/wp-json\/wp\/v2\/pages\/8152\/revisions\/9274"}],"wp:attachment":[{"href":"https:\/\/landauinjurylaw.com\/airportinjurylawyer\/wp-json\/wp\/v2\/media?parent=8152"}],"curies":[{"name":"wp","href":"https:\/\/api.w.org\/{rel}","templated":true}]}}